{"id":41,"date":"2020-03-25T12:09:56","date_gmt":"2020-03-25T11:09:56","guid":{"rendered":"http:\/\/www.christophbirkl.com\/chb\/?page_id=41"},"modified":"2022-05-03T12:57:45","modified_gmt":"2022-05-03T10:57:45","slug":"publications","status":"publish","type":"page","link":"http:\/\/www.christophbirkl.com\/chb\/?page_id=41","title":{"rendered":"Publications"},"content":{"rendered":"\n<h3><br> <strong>Peer-Reviewed Journal Publications<\/strong><\/h3>\n\n\n\n<p><a href=\"https:\/\/pubmed.ncbi.nlm.nih.gov\/35500370\/\" target=\"_blank\" rel=\"noreferrer noopener\">Revisiting brain iron deficiency in restless legs syndrome using magnetic resonance imaging.<\/a><br>Beliveau V, Stefani A, <strong>Birkl C<\/strong>, Kremser C, Gizewski ER, H\u00f6gl B, Scherfler C.<br>Neuroimage Clin. 2022 Apr 26;34:103024. doi: 10.1016\/j.nicl.2022.103024.<\/p>\n\n\n\n<p><a href=\"https:\/\/pubmed.ncbi.nlm.nih.gov\/35381109\/\" target=\"_blank\" rel=\"noreferrer noopener\">HFP-QSMGAN: QSM from homodyne-filtered phase images.<\/a><br>Beliveau V, <strong>Birkl C<\/strong>, Stefani A, Gizewski ER, Scherfler C.<br>Magn Reson Med. 2022 Apr 5. doi: 10.1002\/mrm.29260.<\/p>\n\n\n\n<p><a href=\"https:\/\/pubmed.ncbi.nlm.nih.gov\/34611931\/\">Recovering SWI-filtered phase data using deep learning.<\/a><br>Kames C, Doucette J, <strong>Birkl C<\/strong>, Rauscher A.<br>Magn Reson Med. 2022 Feb;87(2):948-959. doi: 10.1002\/mrm.29013.<\/p>\n\n\n\n<p><a href=\"https:\/\/pubmed.ncbi.nlm.nih.gov\/34964998\/\" target=\"_blank\" rel=\"noreferrer noopener\">High-resolution neural network-driven mapping of multiple diffusion metrics leveraging asymmetries in the balanced steady-state free precession frequency profile.<\/a><br>Birk F, Glang F, Loktyushin A, <strong>Birkl C<\/strong>, Ehses P, Scheffler K, Heule R.<br>NMR Biomed. 2021 Dec 29:e4669. doi: 10.1002\/nbm.4669.<\/p>\n\n\n\n<p><a rel=\"noreferrer noopener\" href=\"https:\/\/pubmed.ncbi.nlm.nih.gov\/34086354\/\" target=\"_blank\">Sensitivity of fiber orientation dependent R2* to temperature and post mortem interval.<\/a><br>Lenz C, Berger C, Bauer M, Scheurer E, <strong>Birkl C.<\/strong><br>Magn Reson Med. 2021 Nov;86(5):2703-2715. doi: 10.1002\/mrm.28874.<\/p>\n\n\n\n<p><a href=\"https:\/\/pubmed.ncbi.nlm.nih.gov\/34322940\/\" target=\"_blank\" rel=\"noreferrer noopener\">Automated segmentation of deep brain nuclei using convolutional neural networks and susceptibility weighted imaging.<\/a><br>Beliveau V, N\u00f8rgaard M, <strong>Birkl C<\/strong>, Seppi K, Scherfler C.<br>Hum Brain Mapp. 2021 Oct 15;42(15):4809-4822. doi: 10.1002\/hbm.25604.<\/p>\n\n\n\n<p><a href=\"https:\/\/pubmed.ncbi.nlm.nih.gov\/34298788\/\" target=\"_blank\" rel=\"noreferrer noopener\">Phosphorous Magnetic Resonance Spectroscopy and Molecular Markers in IDH1 Wild Type Glioblastoma.<\/a><br>Galija\u0161evi\u0107 M, Steiger R, Radovi\u0107 I, Birkl-Toeglhofer AM, <strong>Birkl C<\/strong>, Deeg L, Mangesius S, Rietzler A, Regodi\u0107 M, Stockhammer G, Freyschlag CF, Kerschbaumer J, Haybaeck J, Grams AE, Gizewski ER.<br>Cancers (Basel). 2021 Jul 16;13(14):3569. doi: 10.3390\/cancers13143569.<\/p>\n\n\n\n<p><strong>Birkl C<\/strong>, Doucette J, Fan M, Hernandez-Torres E, Rauscher A.<br><strong> Myelin water imaging depends on white matter fiber orientation in the <\/strong><\/p>\n\n\n\n<p><a href=\"https:\/\/pubmed.ncbi.nlm.nih.gov\/33017486\/\" target=\"_blank\" rel=\"noreferrer noopener\">Myelin water imaging depends on white matter fiber orientation in the human brain.<\/a><br><strong>Birkl C<\/strong>, Doucette J, Fan M, Hern\u00e1ndez-Torres E, Rauscher A.<br>Magn Reson Med. 2021 Apr;85(4):2221-2231. doi: 10.1002\/mrm.28543.<\/p>\n\n\n\n<p><a href=\"https:\/\/pubmed.ncbi.nlm.nih.gov\/32585344\/\" target=\"_blank\" rel=\"noreferrer noopener\">The influence of iron oxidation state on quantitative MRI parameters in post mortem human brain.<\/a><br><strong>Birkl C<\/strong>, Birkl-Toeglhofer AM, Kames C, Goessler W, Haybaeck J, Fazekas F, Ropele S, Rauscher A.<br>Neuroimage. 2020 Oct 15;220:117080. doi: 10.1016\/j.neuroimage.2020.117080.<\/p>\n\n\n\n<p><a href=\"https:\/\/pubmed.ncbi.nlm.nih.gov\/31819046\/\" target=\"_blank\" rel=\"noreferrer noopener\">Hepatic gene expression explains primary drug toxicity in bipolar disorder.<\/a><br>Birkl-Toeglhofer AM, <strong>Birkl C<\/strong>, Llenos IC, Weis S, Haybaeck J.<br>Transl Psychiatry. 2019 Dec 9;9(1):331. doi: 10.1038\/s41398-019-0666-4.<\/p>\n\n\n\n<p> <a href=\"https:\/\/pubmed.ncbi.nlm.nih.gov\/31108214\/\" target=\"_blank\" rel=\"noreferrer noopener\">The influence of brain iron on myelin water imaging.<\/a><br><strong>Birkl C<\/strong>, Birkl-Toeglhofer AM, Endmayr V, H\u00f6ftberger R, Kasprian G, Krebs C, Haybaeck J, Rauscher A.<br>Neuroimage. 2019 Oct 1;199:545-552. doi: 10.1016\/j.neuroimage.2019.05.042.<\/p>\n\n\n\n<p><a rel=\"noreferrer noopener\" href=\"https:\/\/pubmed.ncbi.nlm.nih.gov\/31038240\/\" target=\"_blank\">The role of iron and myelin in orientation dependent R<sub>2<\/sub><sup>*<\/sup> of white matter.<\/a><br>Kor D, <strong>Birkl C<\/strong>, Ropele S, Doucette J, Xu T, Wiggermann V, Hern\u00e1ndez-Torres E, Hametner S, Rauscher A.<br>NMR Biomed. 2019 Jul;32(7):e4092. doi: 10.1002\/nbm.4092.<\/p>\n\n\n\n<p><a rel=\"noreferrer noopener\" href=\"https:\/\/pubmed.ncbi.nlm.nih.gov\/31033944\/\" target=\"_blank\">An Unbiased Approach of Sampling TEM Sections in Neuroscience.<\/a><br>Wernitznig S, Reichmann F, Sele M, <strong>Birkl C<\/strong>, Hayb\u00e4ck J, Kleinegger F, Birkl-T\u00f6glhofer A, Krassnig S, Wodlej C, Holzer P, Kummer D, Bock E, Leitinger G.<br>J Vis Exp. 2019 Apr 13;(146). doi: 10.3791\/58745.<\/p>\n\n\n\n<p><a href=\"https:\/\/pubmed.ncbi.nlm.nih.gov\/30679209\/\" target=\"_blank\" rel=\"noreferrer noopener\">Quantitative Susceptibility Mapping to Assess Cerebral Vascular Compliance.<\/a><br><strong>Birkl C<\/strong>, Langkammer C, Sati P, Enzinger C, Fazekas F, Ropele S.<br>AJNR Am J Neuroradiol. 2019 Mar;40(3):460-463. doi: 10.3174\/ajnr.A5933.<\/p>\n\n\n\n<p><a href=\"https:\/\/pubmed.ncbi.nlm.nih.gov\/30463473\/\" target=\"_blank\" rel=\"noreferrer noopener\">Month-of-birth-effect in multiple sclerosis in Austria.<\/a><br>Walleczek NK, Frommlet F, Bsteh G, Eggers C, Rauschka H, Koppi S, Assar H, Ehling R, <strong>Birkl C<\/strong>, Salhofer-Polanyi S, Baumgartner A, Blechinger S, Buchinger D, Sellner J, Kraus J, Moser H, Mayr M, Guger M, Rathmaier S, Raber B, Liendl H, Hiller MS, Parigger S, Morgenstern G, Kempf I, Spiss HK, Meister B, Heine M, Cisar A, Bachler H, Khalil M, Fuchs S, Enzinger C, Fazekas F, Leutmezer F, Berger T, Kristoferitsch W, Aboulenein-Djamshidian F.<br>Mult Scler. 2019 Dec;25(14):1870-1877. doi: 10.1177\/1352458518810924.<\/p>\n\n\n\n<p><a href=\"https:\/\/pubmed.ncbi.nlm.nih.gov\/28618066\/\" target=\"_blank\" rel=\"noreferrer noopener\">Assessment of ferritin content in multiple sclerosis brains using temperature-induced R2* changes.<\/a><br><strong>Birkl C<\/strong>, Carassiti D, Hussain F, Langkammer C, Enzinger C, Fazekas F, Schmierer K, Ropele S.<br>Magn Reson Med. 2018 Mar;79(3):1609-1615. doi: 10.1002\/mrm.26780.<\/p>\n\n\n\n<p><a href=\"https:\/\/pubmed.ncbi.nlm.nih.gov\/28382642\/\" target=\"_blank\" rel=\"noreferrer noopener\">Effects of concentration and vendor specific composition of formalin on postmortem MRI of the human brain.<\/a><br><strong>Birkl C<\/strong>, Soellradl M, Toeglhofer AM, Krassnig S, Leoni M, Pirpamer L, Vorauer T, Krenn H, Haybaeck J, Fazekas F, Ropele S, Langkammer C.<br>Magn Reson Med. 2018 Feb;79(2):1111-1115. doi: 10.1002\/mrm.26699.<\/p>\n\n\n\n<p><a href=\"https:\/\/pubmed.ncbi.nlm.nih.gov\/27989920\/\" target=\"_blank\" rel=\"noreferrer noopener\">Mechanical characterization of human brain tissue.<\/a><br>Budday S, Sommer G, <strong>Birkl C<\/strong>, Langkammer C, Haybaeck J, Kohnert J, Bauer M, Paulsen F, Steinmann P, Kuhl E, Holzapfel GA.<br>Acta Biomater. 2017 Jan 15;48:319-340. doi: 10.1016\/j.actbio.2016.10.036.<\/p>\n\n\n\n<p><a href=\"https:\/\/pubmed.ncbi.nlm.nih.gov\/26835664\/\" target=\"_blank\" rel=\"noreferrer noopener\">Effects of formalin fixation and temperature on MR relaxation times in the human brain.<\/a><br><strong>Birkl C<\/strong>, Langkammer C, Golob-Schwarzl N, Leoni M, Haybaeck J, Goessler W, Fazekas F, Ropele S.<br>NMR Biomed. 2016 Apr;29(4):458-65. doi: 10.1002\/nbm.3477.<\/p>\n\n\n\n<p><a href=\"https:\/\/pubmed.ncbi.nlm.nih.gov\/24752873\/\" target=\"_blank\" rel=\"noreferrer noopener\">Iron mapping using the temperature dependency of the magnetic susceptibility.<\/a><br><strong>Birkl C<\/strong>, Langkammer C, Krenn H, Goessler W, Ernst C, Haybaeck J, Stollberger R, Fazekas F, Ropele S.<br>Magn Reson Med. 2015 Mar;73(3):1282-8. doi: 10.1002\/mrm.25236.<\/p>\n\n\n\n<p><a href=\"https:\/\/pubmed.ncbi.nlm.nih.gov\/24042944\/\" target=\"_blank\" rel=\"noreferrer noopener\">Temperature Dependency of T1 Relaxation Time in Unfixed and Fixed Human Brain Tissue.<\/a><br><strong>Birkl C<\/strong>, Langkammer C, Haybaeck J, Ernst C, Stollberger R, Fazekas F, Ropele S.<br>Biomed Tech (Berl). 2013 Aug;58 Suppl 1:\/j\/bmte.2013.58.issue-s1-L\/bmt-2013-4290\/bmt-2013-4290.xml. doi: 10.1515\/bmt-2013-4290.<\/p>\n\n\n\n<p><a href=\"https:\/\/pubmed.ncbi.nlm.nih.gov\/23716457\/\" target=\"_blank\" rel=\"noreferrer noopener\">Temperature-induced changes of magnetic resonance relaxation times in the human brain: a postmortem study.<\/a><br><strong>Birkl C<\/strong>, Langkammer C, Haybaeck J, Ernst C, Stollberger R, Fazekas F, Ropele S.<br>Magn Reson Med. 2014 Apr;71(4):1575-80. doi: 10.1002\/mrm.24799. Epub 2013 May 28. PMID: 23716457<\/p>\n\n\n\n<h3><strong>Peer-Reviewed Conference papers and proceedings<\/strong><\/h3>\n\n\n\n<p><strong>Birkl C<\/strong>, Kames C, Li D, Traboulsee A, Rauscher A.<br><strong>Don\u2019t track edema if you are interested in demyelination: Quantitative susceptibility mapping of MS lesions depends on the image contrast used for lesion definition.<\/strong><br>Proceedings of the ISMRM 27th Annual Meeting &amp; Exhibition. 2019; -ISMRM 27th Annual Meeting &amp; Exhibition; MAY 11-16, 2019; Montreal, Kanada.<\/p>\n\n\n\n<p><strong>Birkl C<\/strong>, Langkammer C, Sati P, Enzinger C, Fazekas F, Ropele S.<br><strong>Dynamic quantitative susceptibility mapping to assess vascular compliance in the brain.<\/strong><br>Proceedings of the ISMRM 27th Annual Meeting &amp; Exhibition. 2019; -ISMRM 27th Annual Meeting &amp; Exhibition; MAY 11-16, 2019; Montreal, Kanada.<\/p>\n\n\n\n<p>Sibgatulin R, Deistung A, G\u00fcllmar D, <strong>Birkl C<\/strong>, Ropele S, Reichenbach J.<br><strong>In vivo assessment of the anisotropy of R2* maps in white matter.<\/strong><br>Proceedings of the ISMRM 27th Annual Meeting &amp; Exhibition. 2019; -ISMRM 27th Annual Meeting &amp; Exhibition; MAY 11-16, 2019; Montreal, Kanada.<\/p>\n\n\n\n<p><strong>Birkl,\nC<\/strong>; Wiggermann, V; Endmayr, V; Hernandez-Torres, E;\nKasprian, G; Hoeftberger, R; Ropele, S; Hametner, S, Rauscher, A<br>\nPathological differentiation of multiple sclerosis\nlesions based on R2* at 3T: The influence of iron and myelin <br>\nProceedings of the Joint Annual Meeting ISMRM-ESMRMB\n2018. 2018; -Joint Annual Meeting ISMRM-ESMRMB; JUN 16-21, 2018; Paris, France.<\/p>\n\n\n\n<p>Birkl-Toeglhofer, AM; <strong>Birkl, C<\/strong>; Llenos, IC; Weis, S; Haybaeck, J<br>\nBipolar Disorder: Hepatic Gene Expression Upon Drug\nTreatment. <br>\nProceedings of the 6th International Student Congress.\n2018; -6th International Student Congress; MAY 31-JUN 2, 2018; Graz, Austria.<\/p>\n\n\n\n<p>Toeglhofer, AM; Krassnig, S; Golob-Schwarzl, N;\nWodlej, C; <strong>Birkl, C<\/strong>; Kalev, O;\nLeoni, M; Flunkert, S; Hutter-Paier, B; Weis, S; Haybaeck, J<br>\nEukaryotic initiation factors are altered in\nAlzheimer&#8217;s disease <br>\nVIRCHOWS ARCH. 2017; 471: S218-S219.<\/p>\n\n\n\n<p><strong>Birkl, C<\/strong>; Budday, S; Sommer, G; Bauer, M;\nSteinmann, P; Haybaeck, J; Kuhl, E; Holzapfel, GA; Fazekas, F; Ropele, S;\nLangkammer, C;<br>\nMechanical stiffness of human brain tissue is inversely correlated with FA and\nMTR<br>\nProceedings of the ISMRM 25th Annual Meeting &amp; Exhibition. 2017; ISMRM 25th\nAnnual Meeting &amp; Exhibition; APR 22-27, 2017; Honolulu, HI, USA.<\/p>\n\n\n\n<p><strong>Birkl, C<\/strong>; Soellradl, M; Toeglhofer, AM;\nHaybaeck, J; Pirpamer, L; Fazekas, F; Ropele, S; Langkammer, C;<br>\nEffect of vendor specific formalin composition and concentration on post-mortem\nMRI of human brain tissue<br>\nProceedings of the ISMRM 25th Annual Meeting &amp; Exhibition. 2017; ISMRM 25th\nAnnual Meeting &amp; Exhibition; APR 22-27, 2017; Honolulu, HI, USA.<\/p>\n\n\n\n<p>Birkl-Toeglhofer, AM; Bengesser, S; <strong>Birkl, C<\/strong>; Reininghaus, E; Llenos, IC;\nWeis, S; Haybaeck, J Hepatic gene expression\nin bipolar disorder upon psychotic drug treatment <br>\nProceedings of the Doctoral Day 2017. 2017; -Doctoral\nDay 2017; DEZ 13, 2017; Graz, AUSTRIA.<\/p>\n\n\n\n<p>Krassnig, S; Toeglhofer, AM; Golob-Schwarzl, N;\nWodlej, C; <strong>Birkl, C<\/strong>; Kalev, O;\nSygulla, S; Leoni, M; Weis, S; Haybaeck, J;<br>\nAlterations in the expression levels of eukaryotic\ninitiation factors in Alzheimer\u2019s disease <br>\nDer Pathologe Ausgabe 5\/2017. 2017; -Herbsttagung der\n\u00d6GPath\/IAP 2017; SEP 14-16, 2017; Velden, AUSTRIA.<\/p>\n\n\n\n<p>Sele, M; <strong>Birkl,\nC<\/strong>; Ropele, S; Hayb\u00e4ck, J; G\u00f6ssler, W; Leitinger, G<br>\nHigh Resolution Visualisation of Iron Deposits in the\nHuman Brain in Health and Disease. <br>\nEditors: Prof. Johannes Bernardi, Prof. Michael\nSt\u00f6ger-Pollach Publishers: Austrian Society of Electron Microscopy 2017. 2017;\n-7. ASEM workshop of the Austrian Society of Electron Microscopy &#8211;\n&#8222;Advanced Electron Microscopy&#8220;; APR 20-21, 2017; Vienna, AUSTRIA.<\/p>\n\n\n\n<p>Sele, M; <strong>Birkl,\nC<\/strong>; Ropele, S; Hayb\u00e4ck, J; G\u00f6ssler, W; Leitinger, G<br>\nHigh Resolution Visualisation of Iron Deposits in the\nHuman Brain in Health and Disease. <br>\nEditors: Andreja Gajovi\u0107, Igor Weber, Goran Kova\u010devi\u0107,\nVida \u010cade\u017e, Suzana \u0160egota, Petra Peharec \u0160tefani\u0107 and Ana Vido\u0161 Publishers:\nRu\u0111er Bo\u0161kovi\u0107 Institute and Croatian Microscopy Society Zagreb 2017. 2017;\n217-217.-13th Multinational Congress on Microscopy; SEPT 24-29, 2017; Rovinj,\nCroatia.<\/p>\n\n\n\n<p>Sele, M; Wernitznig, S; <strong>Birkl, C<\/strong>; Ropele, S; Kra\u00dfnig, S; Birkl-T\u00f6glhofer, AM; Sygulla, S;\nLeoni, M; Hayb\u00e4ck, J; G\u00f6ssler, W; Leitinger, G<br>\nHigh Resolution Visualisation of Iron Deposits in the\nHuman Brain. <br>\nAbstract book DocDay 2017. 2017; -DocDay 2017; Dez 13,\n2017; Graz, Austria.<\/p>\n\n\n\n<p>Toeglhofer,\nAM; Krassnig, S; Golob-Schwarzl, N; Wodlej, C; <strong>Birkl, C<\/strong>; Kalev, O; Leoni, M; Flunkert, S; Hutter-Paier, B; Weis,\nS; Haybaeck, J;<br>\nEukaryotic initiation factors are altered in Alzheimer\u2019s disease.<br>\nProceedings of the 29th European Congress of Pathology. 2017; -29th European\nCongress of Pathology; SEP 2-6, 2017; Amsterdam, THE NETHERLANDS.<\/p>\n\n\n\n<p><strong>Birkl, C<\/strong>; Carassiti, D; Hussain, F;\nLangkammer, C; Enzinger, C; Fazekas, F; Schmierer, K; Ropele, S;<br>\nAssessment\nof ferritin in multiple sclerosis lesions by temperature dependent R2* mapping<br>\nProceedings of the Workshop; 4rd International Workshop on MRI phase Contrast\n&amp; Quantitative Susceptibility Mapping; SEP 26-28, 2016; Graz, Austria.<\/p>\n\n\n\n<p><strong>Birkl, C<\/strong>; Vorauer, T; Krenn, H; Haybaeck, J;\nFazekas, F; Ropele, S; Langkammer, C;<br>\nMagnetic\nproperties of formalin: A combined MRI and SQUID study<br>\nProceedings of the Workshop; 4rd International Workshop on MRI phase Contrast\n&amp; Quantitative Susceptibility Mapping; SEP 26-28, 2016; Graz, Austria.<\/p>\n\n\n\n<p>Krenn,\nH; Vorauer, T; <strong>Birkl, C<\/strong>; Ropele, S;<br>\nMagnetism of aggregated iron in human brain measured by SQUID-magnetometry<br>\nProceedings of the Workshop; 4rd International Workshop on MRI phase Contrast\n&amp; Quantitative Susceptibility Mapping; SEP 26-28, 2016; Graz, Austria.<\/p>\n\n\n\n<p><strong>Birkl, C<\/strong>; Carassiti, D; Langkammer, C; Enzinger,\nC; Fazekas, F; Schmierer, K; Ropele, S;<br>\nAssessment\nof ferritin in the multiple sclerosis brain using temperature induced R2*\nchanges<br>\nProceedings\nof the ISMRM 24th Annual Meeting. 2016; -ISMRM 24th Annual Meeting; MAY 07-13,\n2016; Singapore.<\/p>\n\n\n\n<p>Walleczek,\nNK; Rauschka, H; Bsteh, G; <strong>Birkl, C<\/strong>;\nKhalil, M; Fuchs, S; Enzinger, C; Fazekas, F; Eggers, C; Leutmezer, F;\nSalhofer-Polanyi, S; Baumgartner, A; Blechinger, S; Koppi, S; Sellner, J;\nKraus, J; Assar, H; Gugger, M; Ehling, R; Moser, H; Raber, B; Liendl, H;\nParigger, S; Mayr, M; Hiller, MS; Meister, B; Morgenstern, G; Spiess, HK;\nKempf, I; Cisar, A; Bachler, H; Lehninger, R; Berger, T; Kristoferitsch, W;\nAboulenein-Djamshidian, F;<br>\nMonth-of-birth-effect in multiple sclerosis in Austria<br>\nMULT SCLER J. 2015; 21: 102-103.-31st Congress of the\nEuropean-Committee-for-Treatment-and-Research-in-Multiple-Sclerosis (ECTRIMS);\nOCT 07-10, 2015; Barcelona, SPAIN.<\/p>\n\n\n\n<p><strong>Birkl, C<\/strong>; Carassiti, D; Langkammer, C; Fazekas, F; Schmierer, K; Ropele, S;<br> Iron mapping in post mortem multiple sclerosis brain&nbsp;<br> Proceedings of the 12. Jahrestagung der \u00d6sterreichischen Gesellschaft f\u00fcr Neurologie. 2015; -12. Jahrestagung der \u00d6sterreichischen Gesellschaft f\u00fcr Neurologie; MAR 25-27, 2015; Graz, Austria.<\/p>\n\n\n\n<p><strong>Birkl, C<\/strong>;\nLangkammer, C; Golob-Schwarzl, N; Leoni, M; Haybaeck, J; Goessler, W; Fazekas,\nF; Ropele, S;<br>\nEffects of formalin fixation on MR relaxation times in the human brain&nbsp;<br>\nProceedings\nof the ISMRM 23rd Annual Meeting. 2015; ISMRM 23rd Annual Meeting; MAY 30 &#8211; JUN\n5, 2015; Toronto, Canada.<strong><\/strong><\/p>\n\n\n\n<p><strong>Birkl, C<\/strong>; Krenn, H; Langkammer, C; Maderthoner, C; Haybaeck, J; Fazekas, F; Ropele, S<br> Overestimation of iron content in the human postmortem brain <br> Proceedings of the Workshop; 3rd International Workshop on MRI phase  Contrast &amp; Quantitative Susceptibility Mapping; OCT 6-8, 2014; Duke,  NC, USA.  <\/p>\n\n\n\n<p><strong>Birkl, C<\/strong>;\nLangkammer, C; Haybaeck, J; Ernst, C; Petzold, J; Fazekas, F; Ropele, S;<br>\nTemperature and fixation correction for postmortem MRI of the brain&nbsp;<br>\nProceedings\nof the ISMRM 22nd Annual Meeting. 2014; ISMRM 22nd Annual Meeting; May 10-16,\n2014; Milano, Italy.<\/p>\n\n\n\n<p>Langkammer,\nC; Krebs, N; <strong>Birkl, C<\/strong>; Pirpamer, L;\nBorsodi, F; Haindl, M; Reishofer, G; Porter, DA; Scheurer, E; Fazekas, F;\nRopele S;<br>\nHigh resolution diffusion MRI of the unfixed post mortem brain.&nbsp;<br>\nProceedings;\nISMRM 22nd Annual Meeting; May 10-16, 2014; Milano, Italy.<\/p>\n\n\n\n<p><strong>Birkl, C<\/strong>; Diwoky, C;\nStollberger R;<br>\nVerification of Brown Adipose Tissue using MRI&nbsp;<br>\nAbstractbook\nof the 1st International Student Congress. 2013; 42-43. International Student\nCongress; Jul 4-6, 2013; Graz, Austria.<\/p>\n\n\n\n<p><strong>Birkl, C<\/strong>;\nLangkammer, C; Haybaeck, J; Ernst, C; Stollberger, R; Fazekas, F; Ropele, S;<br>\nTemperature induced changes of MRI T1 and T2 relaxation times in the unfixed\nbrain.&nbsp;<br>\nProceedings;\nISMRM 21st Annual Meeting &amp; Exhibition; Apr 20-26, 2013; Salt Lake City,\nUtah, USA.<\/p>\n\n\n\n<p><strong>Birkl, C<\/strong>; Diwoky, C; Stollberger, R;<br>\nNachweis von braunem Fett mittels MR&nbsp;<br>\nTagungsband\nder \u00d6GBMT Jahrestagung 2012. 2012; Jahrestagung der \u00d6sterreichische\nGesellschaft f\u00fcr Biomedizinische Technik; 20-22. Sept 2012; Hall in Tirol.<\/p>\n\n\n\n<p><strong>Birkl, C<\/strong>;\nLangkammer, C; Haybaeck J; Ernst, C; Stollberger, R; Fazekas, F; Ropele, S;<br>\nTemperature induced changes of MRI relaxation rates in the brain: An unfixed\npostmortem study.<br>\nBook of Abstracts. 2012; 29th Annual Meeting ESMRMB; Oct 4-6, 2012;\nLisbon, Portugal.<\/p>\n\n\n\n<p>Sorantin,E;\nFotter,R; <strong>Birkl,C<\/strong>;<br>\nDigitale Welt und Bildverarbeitung in der P\u00e4diatrischen Radiologie.<br>\nR\u00f6Fo &#8211; Fortschritte auf dem Gebiet der R\u00f6ntgenstrahlen und der\nbildgebenden Verfahren \/ Inhaltsverzeichnis. 2011; 183(S01):WS117&#8211;92.\nDeutscher R\u00f6ntgenkongress und 6. Gemeinsamer Kongress der DRG und \u00d6RG; Jun 1-4,\n2011; Hamburg, Deutschland.<\/p>\n\n\n\n<h3><strong>Invited Presentations<\/strong><\/h3>\n\n\n\n<p>Quantitative post mortem MRI of the brain: challenges and opportunities.<br>Institut f\u00fcr Rechtsmedizin Basel; 11.11.2019<\/p>\n\n\n\n<p>Postmortem MRI of the brain: Biophysical mechanisms of contrast generation.<br>The University of British Columbia, MRI research Center; 07.05.2013<\/p>\n","protected":false},"excerpt":{"rendered":"<p>Peer-Reviewed Journal Publications Revisiting brain iron deficiency in restless legs syndrome using magnetic resonance imaging.Beliveau V, Stefani A, Birkl C, Kremser C, Gizewski ER, H\u00f6gl B, Scherfler C.Neuroimage Clin. 2022 Apr 26;34:103024. doi: 10.1016\/j.nicl.2022.103024. HFP-QSMGAN: QSM from homodyne-filtered phase images.Beliveau V, Birkl C, Stefani A, Gizewski ER, Scherfler C.Magn Reson Med. 2022 Apr 5. doi: &hellip; <a href=\"http:\/\/www.christophbirkl.com\/chb\/?page_id=41\" class=\"more-link\"><span class=\"screen-reader-text\">&#8222;Publications&#8220; <\/span>weiterlesen<\/a><\/p>\n","protected":false},"author":1,"featured_media":0,"parent":0,"menu_order":0,"comment_status":"closed","ping_status":"closed","template":"","meta":[],"_links":{"self":[{"href":"http:\/\/www.christophbirkl.com\/chb\/index.php?rest_route=\/wp\/v2\/pages\/41"}],"collection":[{"href":"http:\/\/www.christophbirkl.com\/chb\/index.php?rest_route=\/wp\/v2\/pages"}],"about":[{"href":"http:\/\/www.christophbirkl.com\/chb\/index.php?rest_route=\/wp\/v2\/types\/page"}],"author":[{"embeddable":true,"href":"http:\/\/www.christophbirkl.com\/chb\/index.php?rest_route=\/wp\/v2\/users\/1"}],"replies":[{"embeddable":true,"href":"http:\/\/www.christophbirkl.com\/chb\/index.php?rest_route=%2Fwp%2Fv2%2Fcomments&post=41"}],"version-history":[{"count":11,"href":"http:\/\/www.christophbirkl.com\/chb\/index.php?rest_route=\/wp\/v2\/pages\/41\/revisions"}],"predecessor-version":[{"id":123,"href":"http:\/\/www.christophbirkl.com\/chb\/index.php?rest_route=\/wp\/v2\/pages\/41\/revisions\/123"}],"wp:attachment":[{"href":"http:\/\/www.christophbirkl.com\/chb\/index.php?rest_route=%2Fwp%2Fv2%2Fmedia&parent=41"}],"curies":[{"name":"wp","href":"https:\/\/api.w.org\/{rel}","templated":true}]}}